{"id":173,"date":"2014-10-24T11:31:21","date_gmt":"2014-10-24T11:31:21","guid":{"rendered":"http:\/\/demo.proteusthemes.com\/buildpress\/?page_id=173"},"modified":"2015-03-10T23:09:38","modified_gmt":"2015-03-10T23:09:38","slug":"seguranca","status":"publish","type":"page","link":"https:\/\/realmaquinasbirigui.com.br\/locacao\/seguranca\/","title":{"rendered":"Seguran\u00e7a para o seu trabalho"},"content":{"rendered":"<div id=\"pl-173\"  class=\"panel-layout\" ><div id=\"pg-173-0\"  class=\"panel-grid panel-no-style\" ><div id=\"pgc-173-0-0\"  class=\"panel-grid-cell\" ><div id=\"panel-173-0-0-0\" class=\"so-panel widget widget_black-studio-tinymce widget_black_studio_tinymce panel-first-child panel-last-child\" data-index=\"0\" ><div class=\"textwidget\"><p><a href=\"http:\/\/royalmaquinas.com\/wp-content\/uploads\/2014\/10\/Construtor-Civil.jpg\"><img decoding=\"async\" class=\"alignnone size-medium wp-image-438\" src=\"http:\/\/royalmaquinas.com\/wp-content\/uploads\/2014\/10\/Construtor-Civil-278x300.jpg\" alt=\"Construtor-Civil\" width=\"278\" height=\"300\" srcset=\"https:\/\/realmaquinasbirigui.com.br\/locacao\/wp-content\/uploads\/2014\/10\/Construtor-Civil-278x300.jpg 278w, https:\/\/realmaquinasbirigui.com.br\/locacao\/wp-content\/uploads\/2014\/10\/Construtor-Civil.jpg 318w\" sizes=\"(max-width: 278px) 100vw, 278px\" \/><\/a><\/p>\n<\/div><\/div><\/div><div id=\"pgc-173-0-1\"  class=\"panel-grid-cell panel-grid-cell-mobile-last\" ><div id=\"panel-173-0-1-0\" class=\"so-panel widget widget_black-studio-tinymce widget_black_studio_tinymce panel-first-child panel-last-child\" data-index=\"1\" ><div class=\"textwidget\"><p style=\"text-align: justify;\">A Real M\u00e1quinas \u00e9 especializada em loca\u00e7\u00e3o de m\u00e1quinas que est\u00e3o em conformidade com as normas de seguran\u00e7a vigentes. Al\u00e9m disso, possu\u00edmos todos os acess\u00f3rios para sua maior seguran\u00e7a, no caso de andaimes, fornecemos o guarda corpo, piso antiderrapante, trava-quedas, entre outros. Venha alugar m\u00e1quinas conosco e surpreenda-se.<\/p>\n<\/div><\/div><\/div><div id=\"pgc-173-0-2\"  class=\"panel-grid-cell panel-grid-cell-empty\" ><\/div><\/div><\/div>","protected":false},"excerpt":{"rendered":"<p>A Real M\u00e1quinas \u00e9 especializada em loca\u00e7\u00e3o de m\u00e1quinas que est\u00e3o em conformidade com as normas de seguran\u00e7a vigentes. Al\u00e9m disso, possu\u00edmos todos os acess\u00f3rios para sua maior seguran\u00e7a, no caso de andaimes, fornecemos o guarda corpo, piso antiderrapante, trava-quedas, entre outros. Venha alugar m\u00e1quinas conosco e surpreenda-se.<\/p>\n","protected":false},"author":1,"featured_media":438,"parent":0,"menu_order":0,"comment_status":"closed","ping_status":"closed","template":"","meta":{"_acf_changed":false,"footnotes":""},"acf":[],"aioseo_notices":[],"_links":{"self":[{"href":"https:\/\/realmaquinasbirigui.com.br\/locacao\/wp-json\/wp\/v2\/pages\/173"}],"collection":[{"href":"https:\/\/realmaquinasbirigui.com.br\/locacao\/wp-json\/wp\/v2\/pages"}],"about":[{"href":"https:\/\/realmaquinasbirigui.com.br\/locacao\/wp-json\/wp\/v2\/types\/page"}],"author":[{"embeddable":true,"href":"https:\/\/realmaquinasbirigui.com.br\/locacao\/wp-json\/wp\/v2\/users\/1"}],"replies":[{"embeddable":true,"href":"https:\/\/realmaquinasbirigui.com.br\/locacao\/wp-json\/wp\/v2\/comments?post=173"}],"version-history":[{"count":6,"href":"https:\/\/realmaquinasbirigui.com.br\/locacao\/wp-json\/wp\/v2\/pages\/173\/revisions"}],"predecessor-version":[{"id":707,"href":"https:\/\/realmaquinasbirigui.com.br\/locacao\/wp-json\/wp\/v2\/pages\/173\/revisions\/707"}],"wp:featuredmedia":[{"embeddable":true,"href":"https:\/\/realmaquinasbirigui.com.br\/locacao\/wp-json\/wp\/v2\/media\/438"}],"wp:attachment":[{"href":"https:\/\/realmaquinasbirigui.com.br\/locacao\/wp-json\/wp\/v2\/media?parent=173"}],"curies":[{"name":"wp","href":"https:\/\/api.w.org\/{rel}","templated":true}]}}