{"id":303,"date":"2014-11-12T12:28:57","date_gmt":"2014-11-12T12:28:57","guid":{"rendered":"http:\/\/demo.proteusthemes.com\/buildpress\/shop\/"},"modified":"2015-03-10T23:01:55","modified_gmt":"2015-03-10T23:01:55","slug":"areadeatuacao","status":"publish","type":"page","link":"https:\/\/realmaquinasbirigui.com.br\/locacao\/areadeatuacao\/","title":{"rendered":"\u00c1rea de atua\u00e7\u00e3o"},"content":{"rendered":"<div id=\"pl-303\"  class=\"panel-layout\" ><div id=\"pg-303-0\"  class=\"panel-grid panel-no-style\" ><div id=\"pgc-303-0-0\"  class=\"panel-grid-cell\" ><div id=\"panel-303-0-0-0\" class=\"so-panel widget widget_black-studio-tinymce widget_black_studio_tinymce panel-first-child panel-last-child\" data-index=\"0\" ><div class=\"textwidget\"><p><a href=\"http:\/\/royalmaquinas.com\/wp-content\/uploads\/2014\/11\/maps-with-points-vector-1067806.jpg\"><img decoding=\"async\" class=\"alignnone size-medium wp-image-433\" src=\"http:\/\/royalmaquinas.com\/wp-content\/uploads\/2014\/11\/maps-with-points-vector-1067806-285x300.jpg\" alt=\"Folded maps with color point markers\" width=\"285\" height=\"300\" srcset=\"https:\/\/realmaquinasbirigui.com.br\/locacao\/wp-content\/uploads\/2014\/11\/maps-with-points-vector-1067806-285x300.jpg 285w, https:\/\/realmaquinasbirigui.com.br\/locacao\/wp-content\/uploads\/2014\/11\/maps-with-points-vector-1067806.jpg 380w\" sizes=\"(max-width: 285px) 100vw, 285px\" \/><\/a><\/p>\n<\/div><\/div><\/div><div id=\"pgc-303-0-1\"  class=\"panel-grid-cell panel-grid-cell-mobile-last\" ><div id=\"panel-303-0-1-0\" class=\"so-panel widget widget_black-studio-tinymce widget_black_studio_tinymce panel-first-child panel-last-child\" data-index=\"1\" ><div class=\"textwidget\"><p style=\"text-align: justify;\">Trabalhamos com equipamentos novos e o que tem de mais moderno na constru\u00e7\u00e3o civil e manuten\u00e7\u00e3o industrial, atendemos toda a cidade de Birigui, Ara\u00e7atuba, Pen\u00e1polis, Bilac, Coroados, Guararapes e regi\u00e3o. Atendemos desde o pequeno construtor \u00e0 grandes construtoras, ind\u00fastrias, usinas e prestadores de servi\u00e7os em geral, com frota pr\u00f3pria, e um amplo estoque. Venha alugar m\u00e1quinas e equipamentos conosco e surpreenda-se.<\/p>\n<\/div><\/div><\/div><div id=\"pgc-303-0-2\"  class=\"panel-grid-cell panel-grid-cell-empty\" ><\/div><\/div><\/div>","protected":false},"excerpt":{"rendered":"<p>Trabalhamos com equipamentos novos e o que tem de mais moderno na constru\u00e7\u00e3o civil e manuten\u00e7\u00e3o industrial, atendemos toda a cidade de Birigui, Ara\u00e7atuba, Pen\u00e1polis, Bilac, Coroados, Guararapes e regi\u00e3o. Atendemos desde o pequeno construtor \u00e0 grandes construtoras, ind\u00fastrias, usinas e prestadores de servi\u00e7os em geral, com frota pr\u00f3pria, e um amplo estoque. Venha alugar &hellip;<\/p>\n","protected":false},"author":1,"featured_media":436,"parent":0,"menu_order":0,"comment_status":"closed","ping_status":"closed","template":"","meta":{"_acf_changed":false,"footnotes":""},"acf":[],"aioseo_notices":[],"_links":{"self":[{"href":"https:\/\/realmaquinasbirigui.com.br\/locacao\/wp-json\/wp\/v2\/pages\/303"}],"collection":[{"href":"https:\/\/realmaquinasbirigui.com.br\/locacao\/wp-json\/wp\/v2\/pages"}],"about":[{"href":"https:\/\/realmaquinasbirigui.com.br\/locacao\/wp-json\/wp\/v2\/types\/page"}],"author":[{"embeddable":true,"href":"https:\/\/realmaquinasbirigui.com.br\/locacao\/wp-json\/wp\/v2\/users\/1"}],"replies":[{"embeddable":true,"href":"https:\/\/realmaquinasbirigui.com.br\/locacao\/wp-json\/wp\/v2\/comments?post=303"}],"version-history":[{"count":13,"href":"https:\/\/realmaquinasbirigui.com.br\/locacao\/wp-json\/wp\/v2\/pages\/303\/revisions"}],"predecessor-version":[{"id":703,"href":"https:\/\/realmaquinasbirigui.com.br\/locacao\/wp-json\/wp\/v2\/pages\/303\/revisions\/703"}],"wp:featuredmedia":[{"embeddable":true,"href":"https:\/\/realmaquinasbirigui.com.br\/locacao\/wp-json\/wp\/v2\/media\/436"}],"wp:attachment":[{"href":"https:\/\/realmaquinasbirigui.com.br\/locacao\/wp-json\/wp\/v2\/media?parent=303"}],"curies":[{"name":"wp","href":"https:\/\/api.w.org\/{rel}","templated":true}]}}