{"id":305,"date":"2014-11-12T12:28:57","date_gmt":"2014-11-12T12:28:57","guid":{"rendered":"http:\/\/demo.proteusthemes.com\/buildpress\/checkout\/"},"modified":"2015-08-08T22:54:11","modified_gmt":"2015-08-08T22:54:11","slug":"porquelocar","status":"publish","type":"page","link":"https:\/\/realmaquinasbirigui.com.br\/locacao\/porquelocar\/","title":{"rendered":"Porque alugar?"},"content":{"rendered":"<div id=\"pl-305\"  class=\"panel-layout\" ><div id=\"pg-305-0\"  class=\"panel-grid panel-no-style\" ><div id=\"pgc-305-0-0\"  class=\"panel-grid-cell\" ><div id=\"panel-305-0-0-0\" class=\"so-panel widget widget_black-studio-tinymce widget_black_studio_tinymce panel-first-child panel-last-child\" data-index=\"0\" ><div class=\"textwidget\"><p><a href=\"http:\/\/royalmaquinas.com\/wp-content\/uploads\/2014\/11\/constru\u00e7\u00e3o-da-casa-19920798.jpg\"><img decoding=\"async\" class=\"alignnone size-medium wp-image-430\" src=\"http:\/\/royalmaquinas.com\/wp-content\/uploads\/2014\/11\/constru\u00e7\u00e3o-da-casa-19920798-278x300.jpg\" alt=\"constru\u00e7\u00e3o-da-casa-19920798\" width=\"278\" height=\"300\" srcset=\"https:\/\/realmaquinasbirigui.com.br\/locacao\/wp-content\/uploads\/2014\/11\/constru\u00e7\u00e3o-da-casa-19920798-278x300.jpg 278w, https:\/\/realmaquinasbirigui.com.br\/locacao\/wp-content\/uploads\/2014\/11\/constru\u00e7\u00e3o-da-casa-19920798.jpg 318w\" sizes=\"(max-width: 278px) 100vw, 278px\" \/><\/a><\/p>\n<\/div><\/div><\/div><div id=\"pgc-305-0-1\"  class=\"panel-grid-cell panel-grid-cell-mobile-last\" ><div id=\"panel-305-0-1-0\" class=\"so-panel widget widget_black-studio-tinymce widget_black_studio_tinymce panel-first-child panel-last-child\" data-index=\"1\" ><div class=\"textwidget\"><p style=\"text-align: justify;\">Para alguns profissionais, construtores e empresas, o aluguel de m\u00e1quinas\u00a0tem se mostrado mais vantajoso em rela\u00e7\u00e3o compra. Aconselhamos que nossos clientes sempre fa\u00e7am uma an\u00e1lise, levando em conta o tipo de equipamento, tempo necess\u00e1rio para execu\u00e7\u00e3o do servi\u00e7o para optarem entre\u00a0comprar ou alugar.<\/p>\n<p style=\"text-align: justify;\">Abaixo destacamos as principais\u00a0vantagens da loca\u00e7\u00e3o:<\/p>\n<ul>\n<li style=\"text-align: justify;\">Contamos com equipamentos novos, revisados e inspecionados por profissionais capacitados com o objeto de manter um bom desempenho durante a execu\u00e7\u00e3o dos seus servi\u00e7os.<\/li>\n<li style=\"text-align: justify;\">Com a constante mudan\u00e7a da tecnologia e os altos custos de aquisi\u00e7\u00e3o de equipamentos de ponta, torna-se invi\u00e1vel, sendo mais interessante do ponto de vista financeiro, a loca\u00e7\u00e3o.<\/li>\n<li style=\"text-align: justify;\">Sua empresa ganha em flexibilidade para usar uma maior quantidade de equipamentos, sem preocupa\u00e7\u00e3o com manuten\u00e7\u00e3o.<\/li>\n<li style=\"text-align: justify;\">N\u00e3o compromete o seu capital na compra de m\u00e1quinas e equipamentos.<\/li>\n<li style=\"text-align: justify;\">Evita perdas e danos ao seu patrim\u00f4nio imobilizado.<\/li>\n<li style=\"text-align: justify;\">Elimina in\u00fameras despesas tais como: controle patrimonial, armazenagem, manuten\u00e7\u00e3o, dentre outros.<\/li>\n<li style=\"text-align: justify;\">Substitui\u00e7\u00e3o imediata do equipamento defeituoso, otimizando a operacionaliza\u00e7\u00e3o de suas obras e servi\u00e7os, sem transtornos de consertos e manuten\u00e7\u00f5es.<\/li>\n<li style=\"text-align: justify;\">Diversidade de m\u00e1quinas e equipamentos a sua inteira e imediata disposi\u00e7\u00e3o.<\/li>\n<li style=\"text-align: justify;\">Equipe de pessoal treinado para o correto manuseio dos equipamentos.<\/li>\n<li style=\"text-align: justify;\">O gasto com loca\u00e7\u00e3o \u00e9 contabilizado como despesas em sua obra, ao passo que a compra de m\u00e1quinas e equipamentos entra como imobilizado gerando consequentemente mais impostos.<\/li>\n<\/ul>\n<\/div><\/div><\/div><div id=\"pgc-305-0-2\"  class=\"panel-grid-cell panel-grid-cell-empty\" ><\/div><\/div><\/div>","protected":false},"excerpt":{"rendered":"<p>Para alguns profissionais, construtores e empresas, o aluguel de m\u00e1quinas\u00a0tem se mostrado mais vantajoso em rela\u00e7\u00e3o compra. Aconselhamos que nossos clientes sempre fa\u00e7am uma an\u00e1lise, levando em conta o tipo de equipamento, tempo necess\u00e1rio para execu\u00e7\u00e3o do servi\u00e7o para optarem entre\u00a0comprar ou alugar. Abaixo destacamos as principais\u00a0vantagens da loca\u00e7\u00e3o: Contamos com equipamentos novos, revisados e &hellip;<\/p>\n","protected":false},"author":1,"featured_media":430,"parent":0,"menu_order":0,"comment_status":"closed","ping_status":"closed","template":"","meta":{"_acf_changed":false,"footnotes":""},"acf":[],"aioseo_notices":[],"_links":{"self":[{"href":"https:\/\/realmaquinasbirigui.com.br\/locacao\/wp-json\/wp\/v2\/pages\/305"}],"collection":[{"href":"https:\/\/realmaquinasbirigui.com.br\/locacao\/wp-json\/wp\/v2\/pages"}],"about":[{"href":"https:\/\/realmaquinasbirigui.com.br\/locacao\/wp-json\/wp\/v2\/types\/page"}],"author":[{"embeddable":true,"href":"https:\/\/realmaquinasbirigui.com.br\/locacao\/wp-json\/wp\/v2\/users\/1"}],"replies":[{"embeddable":true,"href":"https:\/\/realmaquinasbirigui.com.br\/locacao\/wp-json\/wp\/v2\/comments?post=305"}],"version-history":[{"count":17,"href":"https:\/\/realmaquinasbirigui.com.br\/locacao\/wp-json\/wp\/v2\/pages\/305\/revisions"}],"predecessor-version":[{"id":714,"href":"https:\/\/realmaquinasbirigui.com.br\/locacao\/wp-json\/wp\/v2\/pages\/305\/revisions\/714"}],"wp:featuredmedia":[{"embeddable":true,"href":"https:\/\/realmaquinasbirigui.com.br\/locacao\/wp-json\/wp\/v2\/media\/430"}],"wp:attachment":[{"href":"https:\/\/realmaquinasbirigui.com.br\/locacao\/wp-json\/wp\/v2\/media?parent=305"}],"curies":[{"name":"wp","href":"https:\/\/api.w.org\/{rel}","templated":true}]}}