{"id":7,"date":"2014-10-15T12:59:47","date_gmt":"2014-10-15T12:59:47","guid":{"rendered":"http:\/\/demo.proteusthemes.com\/buildpress\/?page_id=7"},"modified":"2024-04-28T21:40:56","modified_gmt":"2024-04-28T21:40:56","slug":"front-page","status":"publish","type":"page","link":"https:\/\/realmaquinasbirigui.com.br\/locacao\/","title":{"rendered":"Home"},"content":{"rendered":"<div id=\"pl-7\"  class=\"panel-layout\" ><div id=\"pg-7-0\"  class=\"panel-grid panel-has-style\" ><div class=\"wide-color panel-row-style panel-row-style-for-7-0\" ><div id=\"pgc-7-0-0\"  class=\"panel-grid-cell\" ><div id=\"panel-7-0-0-0\" class=\"so-panel widget widget_block panel-first-child panel-last-child\" data-index=\"0\" ><\/div><\/div><\/div><\/div><div id=\"pg-7-1\"  class=\"panel-grid panel-has-style\" ><div class=\"wide-color panel-row-style panel-row-style-for-7-1\" ><div id=\"pgc-7-1-0\"  class=\"panel-grid-cell\" ><div id=\"panel-7-1-0-0\" class=\"so-panel widget widget_pt_banner widget-banner panel-first-child panel-last-child\" data-index=\"1\" >\t\t\t\t<div class=\"banner__text\">\n\t\t\t\t\tPrecisa alugar equipamentos para utilizar em sua obra?\t\t\t\t<\/div>\n\t\t\t\t<div class=\"banner__buttons\">\n\t\t\t\t\t<a class=\"btn  btn-primary\" href=\"contato\" target=\"_self\">SOLICITE UM OR\u00c7AMENTO<\/a> \u00a0 <a class=\"btn  btn-default\" href=\"produtos\" target=\"_self\">VEJA NOSSOS PRODUTOS<\/a>\t\t\t\t<\/div>\n\t\t\t<\/div><\/div><\/div><\/div><div id=\"pg-7-2\"  class=\"panel-grid panel-no-style\" ><div id=\"pgc-7-2-0\"  class=\"panel-grid-cell panel-grid-cell-empty\" ><\/div><\/div><div id=\"pg-7-3\"  class=\"panel-grid panel-no-style\" ><div id=\"pgc-7-3-0\"  class=\"panel-grid-cell\" ><div id=\"panel-7-3-0-0\" class=\"so-panel widget widget_pt_featured_page widget-featured-page panel-first-child panel-last-child\" data-index=\"2\" >\t\t\t\t<div class=\"page-box page-box--block post-7 page type-page status-publish hentry\">\n\t\t\t\t\t\t\t\t\t\t\t\t\t\t\t<a class=\"page-box__picture\" href=\"https:\/\/realmaquinasbirigui.com.br\/locacao\/porquelocar\/\"><img decoding=\"async\" src=\"https:\/\/realmaquinasbirigui.com.br\/locacao\/wp-content\/uploads\/2014\/11\/constru\u00e7\u00e3o-da-casa-19920798-318x240.jpg\" width=\"268\" height=\"202\" srcset=\"https:\/\/realmaquinasbirigui.com.br\/locacao\/wp-content\/uploads\/2014\/11\/constru\u00e7\u00e3o-da-casa-19920798-318x240.jpg 268w, https:\/\/realmaquinasbirigui.com.br\/locacao\/wp-content\/uploads\/2014\/11\/constru\u00e7\u00e3o-da-casa-19920798.jpg 318w\" sizes=\"(min-width: 992px) 360px, calc(100vw - 30px)\" class=\"wp-post-image\" alt=\"Porque alugar?\"><\/a>\n\t\t\t\t\t\t\t\t\t\t\t\t\t\t<div class=\"page-box__content\">\n\t\t\t\t\t\t<h5 class=\"page-box__title  text-uppercase\"><a href=\"https:\/\/realmaquinasbirigui.com.br\/locacao\/porquelocar\/\">Porque alugar?<\/a><\/h5>\n\t\t\t\t\t\t<p>Para alguns profissionais, construtores e empresas, o aluguel de m\u00e1quinas\u00a0tem se mostrado mais vantajoso em rela\u00e7\u00e3o compra. Aconselhamos que nossos clientes sempre fa\u00e7am uma an\u00e1lise, levando em conta o tipo de equipamento, tempo necess\u00e1rio &hellip;<\/p>\n\t\t\t\t\t\t\t\t\t\t\t\t\t<p><a href=\"https:\/\/realmaquinasbirigui.com.br\/locacao\/porquelocar\/\" class=\"read-more  read-more--page-box\">Ler mais<\/a><\/p>\n\t\t\t\t\t\t\t\t\t\t\t<\/div>\n\t\t\t\t<\/div>\n\n\t\t\t<\/div><\/div><div id=\"pgc-7-3-1\"  class=\"panel-grid-cell\" ><div id=\"panel-7-3-1-0\" class=\"so-panel widget widget_pt_featured_page widget-featured-page panel-first-child panel-last-child\" data-index=\"3\" >\t\t\t\t<div class=\"page-box page-box--block post-7 page type-page status-publish hentry\">\n\t\t\t\t\t\t\t\t\t\t\t\t\t\t\t<a class=\"page-box__picture\" href=\"https:\/\/realmaquinasbirigui.com.br\/locacao\/areadeatuacao\/\"><img decoding=\"async\" src=\"https:\/\/realmaquinasbirigui.com.br\/locacao\/wp-content\/uploads\/2014\/11\/maps-with-points-vector-10678061-318x240.jpg\" width=\"268\" height=\"202\" srcset=\"https:\/\/realmaquinasbirigui.com.br\/locacao\/wp-content\/uploads\/2014\/11\/maps-with-points-vector-10678061-318x240.jpg 268w, https:\/\/realmaquinasbirigui.com.br\/locacao\/wp-content\/uploads\/2014\/11\/maps-with-points-vector-10678061.jpg 318w\" sizes=\"(min-width: 992px) 360px, calc(100vw - 30px)\" class=\"wp-post-image\" alt=\"\u00c1rea de atua\u00e7\u00e3o\"><\/a>\n\t\t\t\t\t\t\t\t\t\t\t\t\t\t<div class=\"page-box__content\">\n\t\t\t\t\t\t<h5 class=\"page-box__title  text-uppercase\"><a href=\"https:\/\/realmaquinasbirigui.com.br\/locacao\/areadeatuacao\/\">\u00c1rea de atua\u00e7\u00e3o<\/a><\/h5>\n\t\t\t\t\t\t<p>Trabalhamos com equipamentos novos e o que tem de mais moderno na constru\u00e7\u00e3o civil e manuten\u00e7\u00e3o industrial, atendemos toda a cidade de Birigui, Ara\u00e7atuba, Pen\u00e1polis, Bilac, Coroados, Guararapes e regi\u00e3o. Atendemos desde o pequeno construtor &hellip;<\/p>\n\t\t\t\t\t\t\t\t\t\t\t\t\t<p><a href=\"https:\/\/realmaquinasbirigui.com.br\/locacao\/areadeatuacao\/\" class=\"read-more  read-more--page-box\">Ler mais<\/a><\/p>\n\t\t\t\t\t\t\t\t\t\t\t<\/div>\n\t\t\t\t<\/div>\n\n\t\t\t<\/div><\/div><div id=\"pgc-7-3-2\"  class=\"panel-grid-cell\" ><div id=\"panel-7-3-2-0\" class=\"so-panel widget widget_pt_featured_page widget-featured-page panel-first-child panel-last-child\" data-index=\"4\" >\t\t\t\t<div class=\"page-box page-box--block post-7 page type-page status-publish hentry\">\n\t\t\t\t\t\t\t\t\t\t\t\t\t\t\t<a class=\"page-box__picture\" href=\"https:\/\/realmaquinasbirigui.com.br\/locacao\/seguranca\/\"><img decoding=\"async\" src=\"https:\/\/realmaquinasbirigui.com.br\/locacao\/wp-content\/uploads\/2014\/10\/Construtor-Civil-318x240.jpg\" width=\"268\" height=\"202\" srcset=\"https:\/\/realmaquinasbirigui.com.br\/locacao\/wp-content\/uploads\/2014\/10\/Construtor-Civil-318x240.jpg 268w, https:\/\/realmaquinasbirigui.com.br\/locacao\/wp-content\/uploads\/2014\/10\/Construtor-Civil.jpg 318w\" sizes=\"(min-width: 992px) 360px, calc(100vw - 30px)\" class=\"wp-post-image\" alt=\"Seguran\u00e7a para o seu trabalho\"><\/a>\n\t\t\t\t\t\t\t\t\t\t\t\t\t\t<div class=\"page-box__content\">\n\t\t\t\t\t\t<h5 class=\"page-box__title  text-uppercase\"><a href=\"https:\/\/realmaquinasbirigui.com.br\/locacao\/seguranca\/\">Seguran\u00e7a para o seu trabalho<\/a><\/h5>\n\t\t\t\t\t\t<p>A Real M\u00e1quinas \u00e9 especializada em loca\u00e7\u00e3o de m\u00e1quinas que est\u00e3o em conformidade com as normas de seguran\u00e7a vigentes. Al\u00e9m disso, possu\u00edmos todos os acess\u00f3rios para sua maior seguran\u00e7a, no caso de andaimes, fornecemos o guarda corpo, &hellip;<\/p>\n\t\t\t\t\t\t\t\t\t\t\t\t\t<p><a href=\"https:\/\/realmaquinasbirigui.com.br\/locacao\/seguranca\/\" class=\"read-more  read-more--page-box\">Ler mais<\/a><\/p>\n\t\t\t\t\t\t\t\t\t\t\t<\/div>\n\t\t\t\t<\/div>\n\n\t\t\t<\/div><\/div><\/div><div id=\"pg-7-4\"  class=\"panel-grid panel-has-style\" ><div class=\"wide-color-dark panel-row-style panel-row-style-for-7-4\" ><div id=\"pgc-7-4-0\"  class=\"panel-grid-cell\" ><div id=\"panel-7-4-0-0\" class=\"so-panel widget panel-first-child panel-last-child\" data-index=\"5\" ><\/div><\/div><\/div><\/div><div id=\"pg-7-5\"  class=\"panel-grid panel-no-style\" ><div id=\"pgc-7-5-0\"  class=\"panel-grid-cell\" ><div id=\"panel-7-5-0-0\" class=\"so-panel widget widget_text panel-first-child\" data-index=\"6\" >\t\t\t<div class=\"textwidget\"><\/div>\n\t\t<\/div><div id=\"panel-7-5-0-1\" class=\"so-panel widget widget_black-studio-tinymce widget_black_studio_tinymce panel-last-child\" data-index=\"7\" ><h3 class=\"widget-title\">Vantagens<\/h3><div class=\"textwidget\"><h5><span style=\"color: #fcc71f;\"><br \/>\n<span class=\"icon-container\"><span class=\"fa fa-check\"><\/span><\/span><\/span>\u00a0LARGA EXPERI\u00caNCIA<\/h5>\n<p>Temos uma vasta experi\u00eancia no ramo de equipamentos, m\u00e1quinas e ferramentas. Portanto, certamente poderemos lhe indicar o produto mais adequado para o seu servi\u00e7o.<\/p>\n<h5><span style=\"color: #fcc71f;\"><br \/>\n<span class=\"icon-container\"><span class=\"fa fa-check\"><\/span><\/span><\/span>\u00a0ENTREGA R\u00c1PIDA<\/h5>\n<p>Entendemos a sua urg\u00eancia. Por isso realizamos a entrega dos equipamentos de modo a atender a expectativa de nossos clientes e aumentar a efici\u00eancia dos colaboradores da obra.<\/p>\n<h5><span style=\"color: #fcc71f;\"><br \/>\n<span class=\"icon-container\"><span class=\"fa fa-check\"><\/span><\/span><\/span>\u00a0PRE\u00c7O JUSTO<\/h5>\n<p>Praticamos pre\u00e7os justos, por\u00e9m condizentes com a qualidade de nossos produtos.<\/p>\n<\/div><\/div><\/div><div id=\"pgc-7-5-1\"  class=\"panel-grid-cell\" ><div id=\"panel-7-5-1-0\" class=\"so-panel widget widget_text panel-first-child\" data-index=\"8\" >\t\t\t<div class=\"textwidget\"><\/div>\n\t\t<\/div><div id=\"panel-7-5-1-1\" class=\"so-panel widget widget_black-studio-tinymce widget_black_studio_tinymce panel-last-child\" data-index=\"9\" ><h3 class=\"widget-title\">Assist\u00eancia T\u00e9cnica<\/h3><div class=\"textwidget\"><p>&nbsp;<\/p>\n<p><img decoding=\"async\" class=\"alignleft wp-image-448\" src=\"https:\/\/realmaquinasbirigui.com.br\/locacao\/wp-content\/uploads\/2014\/10\/bd1f44c0134abe2d989a9d9084a144af.jpg\" alt=\"Assist\u00eancia T\u00e9cnica\" width=\"250\" height=\"254\" srcset=\"https:\/\/realmaquinasbirigui.com.br\/locacao\/wp-content\/uploads\/2014\/10\/bd1f44c0134abe2d989a9d9084a144af.jpg 285w, https:\/\/realmaquinasbirigui.com.br\/locacao\/wp-content\/uploads\/2014\/10\/bd1f44c0134abe2d989a9d9084a144af-90x90.jpg 90w\" sizes=\"(max-width: 250px) 100vw, 250px\" \/><\/p>\n<p>Uma das grandes vantagens da loca\u00e7\u00e3o \u00e9 a quest\u00e3o da manuten\u00e7\u00e3o dos equipamentos. Voc\u00ea simplesmente n\u00e3o precisa se preocupar, n\u00f3s cuidamos disso pra voc\u00ea. Temos profissionais especializados na manuten\u00e7\u00e3o preventiva e corretiva de todas as m\u00e1quinas que trabalhamos. Al\u00e9m disso, somos assistentes t\u00e9cnicos autorizados para as marcas: Stihl, Makita, Arprex, Anauger, Rochfer, Garthen, Motomil, Jacto, Bosch, Schulz - Wayne, Motores Branco, Cleaner, Puma e outras.<\/p>\n<\/div><\/div><\/div><\/div><div id=\"pg-7-6\"  class=\"panel-grid panel-has-style\" ><div class=\"wide-image panel-row-style panel-row-style-for-7-6\" ><div id=\"pgc-7-6-0\"  class=\"panel-grid-cell\" ><div id=\"panel-7-6-0-0\" class=\"so-panel widget widget_text panel-first-child panel-last-child\" data-index=\"10\" >\t\t\t<div class=\"textwidget\"><div class=\"motivational-text\">Real M\u00e1quinas e Ferramentas - A melhor ferramenta para o melhor profissional.<\/div><\/div>\n\t\t<\/div><\/div><\/div><\/div><div id=\"pg-7-7\"  class=\"panel-grid panel-no-style\" ><div id=\"pgc-7-7-0\"  class=\"panel-grid-cell panel-grid-cell-empty\" ><\/div><\/div><div id=\"pg-7-8\"  class=\"panel-grid panel-no-style\" ><div id=\"pgc-7-8-0\"  class=\"panel-grid-cell\" ><div id=\"panel-7-8-0-0\" class=\"so-panel widget widget_text panel-first-child panel-last-child\" data-index=\"11\" ><h3 class=\"widget-title\">Principais fornecedores<\/h3>\t\t\t<div class=\"textwidget\"><div class=\"logo-panel\">\n  <div class=\"row\">\n    <div class=\"col-xs-12  col-sm-2\">\n      <img decoding=\"async\" src=\"https:\/\/www.realmaquinasbirigui.com.br\/media\/brand\/logos-home\/anauger.jpg\" alt=\"anauger\">\n    <\/div>\n    <div class=\"col-xs-12  col-sm-2\">\n      <img decoding=\"async\" src=\"https:\/\/www.realmaquinasbirigui.com.br\/media\/brand\/logos-home\/bambozzi.jpg\" alt=\"bambozzi\">\n    <\/div>\n    <div class=\"col-xs-12  col-sm-2\">\n      <img decoding=\"async\" src=\"https:\/\/www.realmaquinasbirigui.com.br\/media\/brand\/logos-home\/branco.jpg\" alt=\"branco\">\n    <\/div>\n    <div class=\"col-xs-12  col-sm-2\">\n      <img decoding=\"async\" src=\"https:\/\/www.realmaquinasbirigui.com.br\/media\/brand\/logos-home\/bosch.jpg\" alt=\"bosch\">\n    <\/div>\n    <div class=\"col-xs-12  col-sm-2\">\n      <img decoding=\"async\" src=\"https:\/\/www.realmaquinasbirigui.com.br\/media\/brand\/logos-home\/chiaperini.jpg\" alt=\"chiaperini\">\n    <\/div>\n    <div class=\"col-xs-12  col-sm-2\">\n      <img decoding=\"async\" src=\"https:\/\/www.realmaquinasbirigui.com.br\/media\/brand\/logos-home\/cleaner.jpg\" alt=\"cleaner\">\n    <\/div>\n    <div class=\"col-xs-12  col-sm-2\">\n      <img decoding=\"async\" src=\"https:\/\/www.realmaquinasbirigui.com.br\/media\/brand\/logos-home\/csm.jpg\" alt=\"csm\">\n    <\/div>\n    <div class=\"col-xs-12  col-sm-2\">\n      <img decoding=\"async\" src=\"https:\/\/www.realmaquinasbirigui.com.br\/media\/brand\/logos-home\/esab.jpg\" alt=\"esab\">\n    <\/div>\n    <div class=\"col-xs-12  col-sm-2\">\n      <img decoding=\"async\" src=\"https:\/\/www.realmaquinasbirigui.com.br\/media\/brand\/logos-home\/jacto.jpg\" alt=\"jacto\">\n    <\/div>\n    <div class=\"col-xs-12  col-sm-2\">\n      <img decoding=\"async\" src=\"https:\/\/www.realmaquinasbirigui.com.br\/media\/brand\/logos-home\/koch.jpg\" alt=\"koch\">\n    <\/div>\n    <div class=\"col-xs-12  col-sm-2\">\n      <img decoding=\"async\" src=\"https:\/\/www.realmaquinasbirigui.com.br\/media\/brand\/logos-home\/makita.jpg\" alt=\"makita\">\n    <\/div>\n    <div class=\"col-xs-12  col-sm-2\">\n      <img decoding=\"async\" src=\"https:\/\/www.realmaquinasbirigui.com.br\/media\/brand\/logos-home\/metalpama.jpg\" alt=\"metalpama\">\n    <\/div>\n    <div class=\"col-xs-12  col-sm-2\">\n      <img decoding=\"async\" src=\"https:\/\/www.realmaquinasbirigui.com.br\/media\/brand\/logos-home\/norton.jpg\" alt=\"norton\">\n    <\/div>\n    <div class=\"col-xs-12  col-sm-2\">\n      <img decoding=\"async\" src=\"https:\/\/www.realmaquinasbirigui.com.br\/media\/brand\/logos-home\/puma.jpg\" alt=\"puma\">\n    <\/div>\n    <div class=\"col-xs-12  col-sm-2\">\n      <img decoding=\"async\" src=\"https:\/\/www.realmaquinasbirigui.com.br\/media\/brand\/logos-home\/schulz.jpg\" alt=\"schulz\">\n    <\/div>\n    <div class=\"col-xs-12  col-sm-2\">\n      <img decoding=\"async\" src=\"https:\/\/www.realmaquinasbirigui.com.br\/media\/brand\/logos-home\/stihl.jpg\" alt=\"stihl\">\n    <\/div>\n    <div class=\"col-xs-12  col-sm-2\">\n      <img decoding=\"async\" src=\"https:\/\/www.realmaquinasbirigui.com.br\/media\/brand\/logos-home\/toyama.jpg\" alt=\"toyama\">\n    <\/div>\n    <div class=\"col-xs-12  col-sm-2\">\n      <img decoding=\"async\" src=\"https:\/\/www.realmaquinasbirigui.com.br\/media\/brand\/logos-home\/weg.jpg\" alt=\"weg\">\n    <\/div>\n  <\/div>\n<\/div><\/div>\n\t\t<\/div><\/div><\/div><\/div>","protected":false},"excerpt":{"rendered":"<p>Precisa alugar equipamentos para utilizar em sua obra? SOLICITE UM OR\u00c7AMENTO \u00a0 VEJA NOSSOS PRODUTOS Porque alugar? Para alguns profissionais, construtores e empresas, o aluguel de m\u00e1quinas\u00a0tem se mostrado mais vantajoso em rela\u00e7\u00e3o compra. Aconselhamos que nossos clientes sempre fa\u00e7am uma an\u00e1lise, levando em conta o tipo de equipamento, tempo necess\u00e1rio &hellip; Ler mais \u00c1rea &hellip;<\/p>\n","protected":false},"author":1,"featured_media":0,"parent":0,"menu_order":0,"comment_status":"closed","ping_status":"closed","template":"template-front-page-slider.php","meta":{"_acf_changed":false,"footnotes":""},"acf":[],"aioseo_notices":[],"_links":{"self":[{"href":"https:\/\/realmaquinasbirigui.com.br\/locacao\/wp-json\/wp\/v2\/pages\/7"}],"collection":[{"href":"https:\/\/realmaquinasbirigui.com.br\/locacao\/wp-json\/wp\/v2\/pages"}],"about":[{"href":"https:\/\/realmaquinasbirigui.com.br\/locacao\/wp-json\/wp\/v2\/types\/page"}],"author":[{"embeddable":true,"href":"https:\/\/realmaquinasbirigui.com.br\/locacao\/wp-json\/wp\/v2\/users\/1"}],"replies":[{"embeddable":true,"href":"https:\/\/realmaquinasbirigui.com.br\/locacao\/wp-json\/wp\/v2\/comments?post=7"}],"version-history":[{"count":70,"href":"https:\/\/realmaquinasbirigui.com.br\/locacao\/wp-json\/wp\/v2\/pages\/7\/revisions"}],"predecessor-version":[{"id":858,"href":"https:\/\/realmaquinasbirigui.com.br\/locacao\/wp-json\/wp\/v2\/pages\/7\/revisions\/858"}],"wp:attachment":[{"href":"https:\/\/realmaquinasbirigui.com.br\/locacao\/wp-json\/wp\/v2\/media?parent=7"}],"curies":[{"name":"wp","href":"https:\/\/api.w.org\/{rel}","templated":true}]}}